{"id":1072,"date":"2023-07-10T14:59:47","date_gmt":"2023-07-10T14:59:47","guid":{"rendered":"https:\/\/sprintmexico.com\/go\/?page_id=1072"},"modified":"2023-07-10T14:59:47","modified_gmt":"2023-07-10T14:59:47","slug":"noticias","status":"publish","type":"page","link":"https:\/\/sprintmexico.com\/go\/noticias\/","title":{"rendered":"Noticias"},"content":{"rendered":"\n<div class=\"wp-block-query is-layout-flow wp-block-query-is-layout-flow\"><ul class=\"wp-block-post-template is-layout-flow wp-block-post-template-is-layout-flow\"><li class=\"wp-block-post post-1066 post type-post status-publish format-standard has-post-thumbnail hentry category-contenido category-manuales category-noticias category-software\">\n\n<div class=\"wp-block-columns alignwide is-layout-flex wp-container-core-columns-is-layout-9d6595d7 wp-block-columns-is-layout-flex\">\n<div class=\"wp-block-column is-layout-flow wp-block-column-is-layout-flow\" style=\"flex-basis:66.66%\"><figure class=\"wp-block-post-featured-image\"><a href=\"https:\/\/sprintmexico.com\/go\/2023\/07\/10\/plataformas-erp-que-son-y-como-elegir-la-mas-adecuada\/\" target=\"_self\"  ><img loading=\"lazy\" decoding=\"async\" width=\"295\" height=\"171\" src=\"https:\/\/sprintmexico.com\/go\/wp-content\/uploads\/2023\/07\/images.jpg\" class=\"attachment-post-thumbnail size-post-thumbnail wp-post-image\" alt=\"Plataformas ERP: Qu\u00e9 son y c\u00f3mo elegir la m\u00e1s adecuada\" style=\"object-fit:cover;\" \/><\/a><\/figure><\/div>\n\n\n\n<div class=\"wp-block-column is-layout-flow wp-block-column-is-layout-flow\" style=\"flex-basis:33.33%\"><h2 class=\"wp-block-post-title\"><a href=\"https:\/\/sprintmexico.com\/go\/2023\/07\/10\/plataformas-erp-que-son-y-como-elegir-la-mas-adecuada\/\" target=\"_self\" >Plataformas ERP: Qu\u00e9 son y c\u00f3mo elegir la m\u00e1s adecuada<\/a><\/h2>\n\n<div class=\"wp-block-post-excerpt\"><p class=\"wp-block-post-excerpt__excerpt\">En este art\u00edculo, exploraremos qu\u00e9 son estas poderosas herramientas y c\u00f3mo pueden impulsar el crecimiento y la eficiencia de tu negocio. Aprender\u00e1s sobre los diferentes &hellip; <\/p><\/div><\/div>\n<\/div>\n\n<\/li><li class=\"wp-block-post post-1063 post type-post status-publish format-standard has-post-thumbnail hentry category-contenido category-definiciones category-manuales category-noticias\">\n\n<div class=\"wp-block-columns alignwide is-layout-flex wp-container-core-columns-is-layout-9d6595d7 wp-block-columns-is-layout-flex\">\n<div class=\"wp-block-column is-layout-flow wp-block-column-is-layout-flow\" style=\"flex-basis:66.66%\"><figure class=\"wp-block-post-featured-image\"><a href=\"https:\/\/sprintmexico.com\/go\/2023\/07\/10\/que-es-un-archivo-webmaprender-mas-https-www-movavi-com-es-learning-portal-webm-file-html-movavi-com\/\" target=\"_self\"  ><img loading=\"lazy\" decoding=\"async\" width=\"421\" height=\"204\" src=\"https:\/\/sprintmexico.com\/go\/wp-content\/uploads\/2023\/07\/webm-421x204.webp\" class=\"attachment-post-thumbnail size-post-thumbnail wp-post-image\" alt=\"\u00bfQu\u00e9 es un archivo WebM?Aprender m\u00e1s:\u00a0https:\/\/www.movavi.com\/es\/learning-portal\/webm-file.html\u00a0\u00a9\u00a0Movavi.com\" style=\"object-fit:cover;\" srcset=\"https:\/\/sprintmexico.com\/go\/wp-content\/uploads\/2023\/07\/webm-421x204.webp 421w, https:\/\/sprintmexico.com\/go\/wp-content\/uploads\/2023\/07\/webm-300x146.webp 300w, https:\/\/sprintmexico.com\/go\/wp-content\/uploads\/2023\/07\/webm-620x300.webp 620w, https:\/\/sprintmexico.com\/go\/wp-content\/uploads\/2023\/07\/webm.webp 690w\" sizes=\"auto, (max-width: 421px) 100vw, 421px\" \/><\/a><\/figure><\/div>\n\n\n\n<div class=\"wp-block-column is-layout-flow wp-block-column-is-layout-flow\" style=\"flex-basis:33.33%\"><h2 class=\"wp-block-post-title\"><a href=\"https:\/\/sprintmexico.com\/go\/2023\/07\/10\/que-es-un-archivo-webmaprender-mas-https-www-movavi-com-es-learning-portal-webm-file-html-movavi-com\/\" target=\"_self\" >\u00bfQu\u00e9 es un archivo WebM?Aprender m\u00e1s:\u00a0https:\/\/www.movavi.com\/es\/learning-portal\/webm-file.html\u00a0\u00a9\u00a0Movavi.com<\/a><\/h2>\n\n<div class=\"wp-block-post-excerpt\"><p class=\"wp-block-post-excerpt__excerpt\">Aprende a reproducir archivos WebM Un archivo WebM es un v\u00eddeo comprimido que se ha guardado en un est\u00e1ndar de v\u00eddeo abierto de alta calidad, &hellip; <\/p><\/div><\/div>\n<\/div>\n\n<\/li><li class=\"wp-block-post post-1019 post type-post status-publish format-standard has-post-thumbnail hentry category-servicios\">\n\n<div class=\"wp-block-columns alignwide is-layout-flex wp-container-core-columns-is-layout-9d6595d7 wp-block-columns-is-layout-flex\">\n<div class=\"wp-block-column is-layout-flow wp-block-column-is-layout-flow\" style=\"flex-basis:66.66%\"><figure class=\"wp-block-post-featured-image\"><a href=\"https:\/\/sprintmexico.com\/go\/2023\/01\/29\/servicios\/\" target=\"_self\"  ><img loading=\"lazy\" decoding=\"async\" width=\"421\" height=\"237\" src=\"https:\/\/sprintmexico.com\/go\/wp-content\/uploads\/2023\/01\/young-business-woman-checking-on-satisfaction-checklist-box-copy-space-scaled.jpg\" class=\"attachment-post-thumbnail size-post-thumbnail wp-post-image\" alt=\"Servicios\" style=\"object-fit:cover;\" srcset=\"https:\/\/sprintmexico.com\/go\/wp-content\/uploads\/2023\/01\/young-business-woman-checking-on-satisfaction-checklist-box-copy-space-scaled.jpg 2560w, https:\/\/sprintmexico.com\/go\/wp-content\/uploads\/2023\/01\/young-business-woman-checking-on-satisfaction-checklist-box-copy-space-300x169.jpg 300w, https:\/\/sprintmexico.com\/go\/wp-content\/uploads\/2023\/01\/young-business-woman-checking-on-satisfaction-checklist-box-copy-space-1024x576.jpg 1024w, https:\/\/sprintmexico.com\/go\/wp-content\/uploads\/2023\/01\/young-business-woman-checking-on-satisfaction-checklist-box-copy-space-768x432.jpg 768w\" sizes=\"auto, (max-width: 421px) 100vw, 421px\" \/><\/a><\/figure><\/div>\n\n\n\n<div class=\"wp-block-column is-layout-flow wp-block-column-is-layout-flow\" style=\"flex-basis:33.33%\"><h2 class=\"wp-block-post-title\"><a href=\"https:\/\/sprintmexico.com\/go\/2023\/01\/29\/servicios\/\" target=\"_self\" >Servicios<\/a><\/h2>\n\n<div class=\"wp-block-post-excerpt\"><p class=\"wp-block-post-excerpt__excerpt\">En\u00a0SprintMx\u00a0queremos ayudar a nuestros clientes a maximizar las ventajas que las tecnolog\u00edas de la informaci\u00f3n pueden brindarles, optimizando sus inversiones en TI por la v\u00eda &hellip; <\/p><\/div><\/div>\n<\/div>\n\n<\/li><\/ul><\/div>\n","protected":false},"excerpt":{"rendered":"","protected":false},"author":1,"featured_media":0,"parent":0,"menu_order":0,"comment_status":"closed","ping_status":"open","template":"","meta":{"footnotes":""},"class_list":["post-1072","page","type-page","status-publish","hentry"],"_links":{"self":[{"href":"https:\/\/sprintmexico.com\/go\/wp-json\/wp\/v2\/pages\/1072","targetHints":{"allow":["GET"]}}],"collection":[{"href":"https:\/\/sprintmexico.com\/go\/wp-json\/wp\/v2\/pages"}],"about":[{"href":"https:\/\/sprintmexico.com\/go\/wp-json\/wp\/v2\/types\/page"}],"author":[{"embeddable":true,"href":"https:\/\/sprintmexico.com\/go\/wp-json\/wp\/v2\/users\/1"}],"replies":[{"embeddable":true,"href":"https:\/\/sprintmexico.com\/go\/wp-json\/wp\/v2\/comments?post=1072"}],"version-history":[{"count":1,"href":"https:\/\/sprintmexico.com\/go\/wp-json\/wp\/v2\/pages\/1072\/revisions"}],"predecessor-version":[{"id":1073,"href":"https:\/\/sprintmexico.com\/go\/wp-json\/wp\/v2\/pages\/1072\/revisions\/1073"}],"wp:attachment":[{"href":"https:\/\/sprintmexico.com\/go\/wp-json\/wp\/v2\/media?parent=1072"}],"curies":[{"name":"wp","href":"https:\/\/api.w.org\/{rel}","templated":true}]}}